{"id":2,"date":"2014-12-22T13:00:20","date_gmt":"2014-12-22T13:00:20","guid":{"rendered":"http:\/\/http:\/\/facilepourtoi.fr\/"},"modified":"2014-12-22T15:22:21","modified_gmt":"2014-12-22T14:22:21","slug":"sample-page","status":"publish","type":"page","link":"https:\/\/facilepourtoi.fr\/","title":{"rendered":"Facile Pour toi ?"},"content":{"rendered":"<p>Et pour moi ? \u00a0C&rsquo;est comment ?<\/p>\n<p>\u00ab\u00a0Lance-toi!\u00a0\u00bb qu&rsquo;il disait c&rsquo;est facile !! \u00a0Faut juste que &#8230;\u00a0\u00bb<br \/>\nEh oui ! \u00ab\u00a0Il faut juste\u00a0\u00bb trois petits mots qui ouvrent la porte \u00e0 tout un tas d\u2019emb\u00fbches!<\/p>\n<p>Surmontables, insurmontables, nous on ne sait rien parce qu&rsquo;on ne s&rsquo;est pas encore lanc\u00e9 dans l&rsquo;aventure ! Alors que d&rsquo;autres en sont d\u00e9j\u00e0 aux heures de gloire, nous nous en sommes simplement \u00e0 :<\/p>\n<p>j&rsquo;essaie ou j&rsquo;essaie pas ? Perte de temps ? Est-ce que \u00e7a vaut le co\u00fbt ? (Ben vouais faut pas croire que c&rsquo;est totalement gratuit. Pas cher non plus mais pas gratuit!) Et si \u00e7a ne fonctionne pas comme ils le disent tous ces gens au sommet de leur gloire. Tous ceux qui en parlent ils ont r\u00e9ussi ! Et les autres, ils ont abandonn\u00e9 et critique n\u00e9gativement&#8230; on peut les comprendre.<\/p>\n<p>Vous me direz en parler avant, en parlez pendant&#8230; c&rsquo;est quand m\u00eame os\u00e9.<\/p>\n<p>Mais bon il faut bien commencer quelque part. Et si pour toi aussi c&rsquo;\u00e9tait dur de se lancer, est-ce que t&rsquo;en parlerais? Et \u00e0 qui ?<\/p>\n<p><\/p>","protected":false},"excerpt":{"rendered":"<p>Et pour moi ? \u00a0C&rsquo;est comment ? \u00ab\u00a0Lance-toi!\u00a0\u00bb qu&rsquo;il disait c&rsquo;est facile !! \u00a0Faut juste que &#8230;\u00a0\u00bb Eh oui ! \u00ab\u00a0Il faut juste\u00a0\u00bb trois petits mots qui ouvrent la porte \u00e0 tout un tas d\u2019emb\u00fbches! Surmontables, insurmontables, nous on ne sait rien parce qu&rsquo;on ne s&rsquo;est pas encore lanc\u00e9 dans l&rsquo;aventure ! Alors que d&rsquo;autres &hellip; <a href=\"https:\/\/facilepourtoi.fr\/\" class=\"more-link\">Continuer la lecture de <span class=\"screen-reader-text\">Facile Pour toi ?<\/span>  <span class=\"meta-nav\">&rarr;<\/span><\/a><\/p>\n","protected":false},"author":1,"featured_media":0,"parent":0,"menu_order":0,"comment_status":"open","ping_status":"open","template":"","meta":{"footnotes":""},"_links":{"self":[{"href":"https:\/\/facilepourtoi.fr\/index.php?rest_route=\/wp\/v2\/pages\/2"}],"collection":[{"href":"https:\/\/facilepourtoi.fr\/index.php?rest_route=\/wp\/v2\/pages"}],"about":[{"href":"https:\/\/facilepourtoi.fr\/index.php?rest_route=\/wp\/v2\/types\/page"}],"author":[{"embeddable":true,"href":"https:\/\/facilepourtoi.fr\/index.php?rest_route=\/wp\/v2\/users\/1"}],"replies":[{"embeddable":true,"href":"https:\/\/facilepourtoi.fr\/index.php?rest_route=%2Fwp%2Fv2%2Fcomments&post=2"}],"version-history":[{"count":3,"href":"https:\/\/facilepourtoi.fr\/index.php?rest_route=\/wp\/v2\/pages\/2\/revisions"}],"predecessor-version":[{"id":21,"href":"https:\/\/facilepourtoi.fr\/index.php?rest_route=\/wp\/v2\/pages\/2\/revisions\/21"}],"wp:attachment":[{"href":"https:\/\/facilepourtoi.fr\/index.php?rest_route=%2Fwp%2Fv2%2Fmedia&parent=2"}],"curies":[{"name":"wp","href":"https:\/\/api.w.org\/{rel}","templated":true}]}}